{"id":524,"date":"2021-11-22T01:30:10","date_gmt":"2021-11-22T01:30:10","guid":{"rendered":"https:\/\/chickenguard.eu\/?page_id=524"},"modified":"2024-04-18T15:51:19","modified_gmt":"2024-04-18T14:51:19","slug":"about-us","status":"publish","type":"page","link":"https:\/\/chickenguard.eu\/fr_be\/about-us\/","title":{"rendered":"ABout"},"content":{"rendered":"<div data-elementor-type=\"wp-page\" data-elementor-id=\"524\" class=\"elementor elementor-524\" data-elementor-post-type=\"page\">\n\t\t\t\t\t\t<section class=\"elementor-section elementor-top-section elementor-element elementor-element-e8f4394 elementor-section-boxed elementor-section-height-default elementor-section-height-default\" data-id=\"e8f4394\" data-element_type=\"section\" data-settings=\"{&quot;background_background&quot;:&quot;classic&quot;}\">\n\t\t\t\t\t\t<div class=\"elementor-container elementor-column-gap-no\">\n\t\t\t\t\t<div class=\"elementor-column elementor-col-100 elementor-top-column elementor-element elementor-element-5806d30\" data-id=\"5806d30\" data-element_type=\"column\">\n\t\t\t<div class=\"elementor-widget-wrap elementor-element-populated\">\n\t\t\t\t\t\t<div class=\"elementor-element elementor-element-d4cff91 elementor-widget elementor-widget-heading\" data-id=\"d4cff91\" data-element_type=\"widget\" data-widget_type=\"heading.default\">\n\t\t\t\t<div class=\"elementor-widget-container\">\n\t\t\t\t\t<h1 class=\"elementor-heading-title elementor-size-default\">A propos de nous<\/h1>\t\t\t\t<\/div>\n\t\t\t\t<\/div>\n\t\t\t\t<div class=\"elementor-element elementor-element-7d7bdaa elementor-widget elementor-widget-heading\" data-id=\"7d7bdaa\" data-element_type=\"widget\" data-widget_type=\"heading.default\">\n\t\t\t\t<div class=\"elementor-widget-container\">\n\t\t\t\t\t<h3 class=\"elementor-heading-title elementor-size-default\">Notre mission est de donner aux propri\u00e9taires de poules la tranquillit\u00e9 d'esprit en cr\u00e9ant des produits innovants de haute qualit\u00e9 qui prot\u00e8gent votre troupeau et vous permettent d'automatiser la porte de votre poulailler pour passer plus de temps au lit !<\/h3>\t\t\t\t<\/div>\n\t\t\t\t<\/div>\n\t\t\t\t\t<\/div>\n\t\t<\/div>\n\t\t\t\t\t<\/div>\n\t\t<\/section>\n\t\t\t\t<section class=\"elementor-section elementor-top-section elementor-element elementor-element-57c19bf elementor-section-boxed elementor-section-height-default elementor-section-height-default\" data-id=\"57c19bf\" data-element_type=\"section\" data-settings=\"{&quot;background_background&quot;:&quot;classic&quot;}\">\n\t\t\t\t\t\t<div class=\"elementor-container elementor-column-gap-no\">\n\t\t\t\t\t<div class=\"elementor-column elementor-col-100 elementor-top-column elementor-element elementor-element-891f262\" data-id=\"891f262\" data-element_type=\"column\">\n\t\t\t<div class=\"elementor-widget-wrap elementor-element-populated\">\n\t\t\t\t\t\t<div class=\"elementor-element elementor-element-1346383 elementor-widget elementor-widget-html\" data-id=\"1346383\" data-element_type=\"widget\" data-widget_type=\"html.default\">\n\t\t\t\t<div class=\"elementor-widget-container\">\n\t\t\t\t\t<script src=\"https:\/\/fast.wistia.com\/embed\/medias\/8ya5jzmcz3.jsonp\" async><\/script><script src=\"https:\/\/fast.wistia.com\/assets\/external\/E-v1.js\" async><\/script><div class=\"wistia_responsive_padding\" style=\"padding:56.25% 0 0 0;position:relative;\"><div class=\"wistia_responsive_wrapper\" style=\"height:100%;left:0;position:absolute;top:0;width:100%;\"><div class=\"wistia_embed wistia_async_8ya5jzmcz3 videoFoam=true\" style=\"height:100%;position:relative;width:100%\"><div class=\"wistia_swatch\" style=\"height:100%;left:0;opacity:0;overflow:hidden;position:absolute;top:0;transition:opacity 200ms;width:100%;\"><img decoding=\"async\" src=\"httpss:\/\/fast.wistia.com\/embed\/medias\/8ya5jzmcz3\/swatch\" style=\"filter:blur(5px);height:100%;object-fit:contain;width:100%;\" alt=\"\" aria-hidden=\"true\" onload=\"this.parentNode.style.opacity=1;\" \/><\/div><\/div><\/div><\/div>\t\t\t\t<\/div>\n\t\t\t\t<\/div>\n\t\t\t\t<div class=\"elementor-element elementor-element-7c85939 elementor-widget__width-initial elementor-widget-tablet__width-initial elementor-widget-mobile__width-inherit elementor-hidden-desktop elementor-hidden-tablet elementor-hidden-mobile elementor-view-default elementor-position-top elementor-mobile-position-top elementor-widget elementor-widget-icon-box\" data-id=\"7c85939\" data-element_type=\"widget\" data-widget_type=\"icon-box.default\">\n\t\t\t\t<div class=\"elementor-widget-container\">\n\t\t\t\t\t\t\t<div class=\"elementor-icon-box-wrapper\">\n\n\t\t\t\t\t\t<div class=\"elementor-icon-box-icon\">\n\t\t\t\t<span  class=\"elementor-icon\">\n\t\t\t\t<i aria-hidden=\"true\" class=\"fas fa-hands\"><\/i>\t\t\t\t<\/span>\n\t\t\t<\/div>\n\t\t\t\n\t\t\t\t\t\t<div class=\"elementor-icon-box-content\">\n\n\t\t\t\t\t\t\t\t\t<h5 class=\"elementor-icon-box-title\">\n\t\t\t\t\t\t<span  >\n\t\t\t\t\t\t\tEthics and equality\t\t\t\t\t\t<\/span>\n\t\t\t\t\t<\/h5>\n\t\t\t\t\n\t\t\t\t\t\t\t\t\t<p class=\"elementor-icon-box-description\">\n\t\t\t\t\t\tPellentesque quam convallis massa enim, faucibus ornare sollicitudin gravida justo sit suspendisse pellentesque.\t\t\t\t\t<\/p>\n\t\t\t\t\n\t\t\t<\/div>\n\t\t\t\n\t\t<\/div>\n\t\t\t\t\t\t<\/div>\n\t\t\t\t<\/div>\n\t\t\t\t<div class=\"elementor-element elementor-element-a855dc6 elementor-widget__width-initial elementor-widget-tablet__width-initial elementor-widget-mobile__width-inherit elementor-hidden-desktop elementor-hidden-tablet elementor-hidden-mobile elementor-view-default elementor-position-top elementor-mobile-position-top elementor-widget elementor-widget-icon-box\" data-id=\"a855dc6\" data-element_type=\"widget\" data-widget_type=\"icon-box.default\">\n\t\t\t\t<div class=\"elementor-widget-container\">\n\t\t\t\t\t\t\t<div class=\"elementor-icon-box-wrapper\">\n\n\t\t\t\t\t\t<div class=\"elementor-icon-box-icon\">\n\t\t\t\t<span  class=\"elementor-icon\">\n\t\t\t\t<i aria-hidden=\"true\" class=\"fas fa-leaf\"><\/i>\t\t\t\t<\/span>\n\t\t\t<\/div>\n\t\t\t\n\t\t\t\t\t\t<div class=\"elementor-icon-box-content\">\n\n\t\t\t\t\t\t\t\t\t<h5 class=\"elementor-icon-box-title\">\n\t\t\t\t\t\t<span  >\n\t\t\t\t\t\t\tEco-design\t\t\t\t\t\t<\/span>\n\t\t\t\t\t<\/h5>\n\t\t\t\t\n\t\t\t\t\t\t\t\t\t<p class=\"elementor-icon-box-description\">\n\t\t\t\t\t\tRisus leo molestie a aliquam amet urna orci nisl dignissim elementum nibh felis ultrices vitae consectetur.\t\t\t\t\t<\/p>\n\t\t\t\t\n\t\t\t<\/div>\n\t\t\t\n\t\t<\/div>\n\t\t\t\t\t\t<\/div>\n\t\t\t\t<\/div>\n\t\t\t\t<div class=\"elementor-element elementor-element-f8e2104 elementor-widget__width-initial elementor-widget-tablet__width-initial elementor-widget-mobile__width-inherit elementor-hidden-desktop elementor-hidden-tablet elementor-hidden-mobile elementor-view-default elementor-position-top elementor-mobile-position-top elementor-widget elementor-widget-icon-box\" data-id=\"f8e2104\" data-element_type=\"widget\" data-widget_type=\"icon-box.default\">\n\t\t\t\t<div class=\"elementor-widget-container\">\n\t\t\t\t\t\t\t<div class=\"elementor-icon-box-wrapper\">\n\n\t\t\t\t\t\t<div class=\"elementor-icon-box-icon\">\n\t\t\t\t<span  class=\"elementor-icon\">\n\t\t\t\t<i aria-hidden=\"true\" class=\"fas fa-cat\"><\/i>\t\t\t\t<\/span>\n\t\t\t<\/div>\n\t\t\t\n\t\t\t\t\t\t<div class=\"elementor-icon-box-content\">\n\n\t\t\t\t\t\t\t\t\t<h5 class=\"elementor-icon-box-title\">\n\t\t\t\t\t\t<span  >\n\t\t\t\t\t\t\tWildlife Preservation\t\t\t\t\t\t<\/span>\n\t\t\t\t\t<\/h5>\n\t\t\t\t\n\t\t\t\t\t\t\t\t\t<p class=\"elementor-icon-box-description\">\n\t\t\t\t\t\tPellentesque nunc ante augue adipiscing sed suspendisse amet sed pellentesque convallis erat nibh vivamus.\t\t\t\t\t<\/p>\n\t\t\t\t\n\t\t\t<\/div>\n\t\t\t\n\t\t<\/div>\n\t\t\t\t\t\t<\/div>\n\t\t\t\t<\/div>\n\t\t\t\t\t<\/div>\n\t\t<\/div>\n\t\t\t\t\t<\/div>\n\t\t<\/section>\n\t\t\t\t<section class=\"elementor-section elementor-top-section elementor-element elementor-element-cee5620 elementor-section-boxed elementor-section-height-default elementor-section-height-default\" data-id=\"cee5620\" data-element_type=\"section\" data-settings=\"{&quot;background_background&quot;:&quot;classic&quot;}\">\n\t\t\t\t\t\t<div class=\"elementor-container elementor-column-gap-no\">\n\t\t\t\t\t<div class=\"elementor-column elementor-col-50 elementor-top-column elementor-element elementor-element-2e5dd28\" data-id=\"2e5dd28\" data-element_type=\"column\">\n\t\t\t<div class=\"elementor-widget-wrap elementor-element-populated\">\n\t\t\t\t\t\t<div class=\"elementor-element elementor-element-04459aa elementor-widget elementor-widget-image\" data-id=\"04459aa\" data-element_type=\"widget\" data-widget_type=\"image.default\">\n\t\t\t\t<div class=\"elementor-widget-container\">\n\t\t\t\t\t\t\t\t\t\t\t\t\t\t\t<img fetchpriority=\"high\" decoding=\"async\" width=\"500\" height=\"700\" src=\"https:\/\/chickenguard.eu\/wp-content\/uploads\/2023\/04\/CG_ben.jpg\" class=\"attachment-large size-large wp-image-2043\" alt=\"\" srcset=\"https:\/\/chickenguard.eu\/wp-content\/uploads\/2023\/04\/CG_ben.jpg 500w, https:\/\/chickenguard.eu\/wp-content\/uploads\/2023\/04\/CG_ben-214x300.jpg 214w\" sizes=\"(max-width: 500px) 100vw, 500px\" \/>\t\t\t\t\t\t\t\t\t\t\t\t\t\t\t<\/div>\n\t\t\t\t<\/div>\n\t\t\t\t\t<\/div>\n\t\t<\/div>\n\t\t\t\t<div class=\"elementor-column elementor-col-50 elementor-top-column elementor-element elementor-element-277c1eb\" data-id=\"277c1eb\" data-element_type=\"column\">\n\t\t\t<div class=\"elementor-widget-wrap elementor-element-populated\">\n\t\t\t\t\t\t<div class=\"elementor-element elementor-element-485734b elementor-widget elementor-widget-heading\" data-id=\"485734b\" data-element_type=\"widget\" data-widget_type=\"heading.default\">\n\t\t\t\t<div class=\"elementor-widget-container\">\n\t\t\t\t\t<h2 class=\"elementor-heading-title elementor-size-default\">Bonjour, je suis Ben<\/h2>\t\t\t\t<\/div>\n\t\t\t\t<\/div>\n\t\t\t\t<div class=\"elementor-element elementor-element-64905c4 elementor-widget elementor-widget-text-editor\" data-id=\"64905c4\" data-element_type=\"widget\" data-widget_type=\"text-editor.default\">\n\t\t\t\t<div class=\"elementor-widget-container\">\n\t\t\t\t\t\t\t\t\t<h5>Il y a plus de dix ans, ma m\u00e8re m'a offert un lot de poules. N'ayant aucune exp\u00e9rience de l'\u00e9levage des poules, et en particulier de l'importance des heures de coucher, j'ai rapidement perdu quelques poules \u00e0 cause de Mr Renard. Triste mais non d\u00e9courag\u00e9, je me suis mis \u00e0 concevoir et \u00e0 inventer un moyen de prot\u00e9ger les poules qui me restaient.<\/h5><h5>C'est ainsi que le premier ouvre-porte automatique ChickenGuard a vu le jour sur la table de ma cuisine !<\/h5><h5>Dix ans plus tard, je suis fier de dire que ChickenGuard est d\u00e9sormais un \u00e9l\u00e9ment essentiel du kit du propri\u00e9taire de poules et qu'il est vendu dans plus de 70 pays - nous avons parcouru un long chemin depuis ma table de cuisine.<\/h5><h5>Bien que nous continuions \u00e0 d\u00e9velopper et \u00e0 concevoir des produits nouveaux et innovants, nous croyons \u00e9galement aux valeurs traditionnelles. Ainsi, chaque appareil est assembl\u00e9 \u00e0 la main et vous pouvez parler \u00e0 une personne r\u00e9elle de notre \u00e9quipe du service apr\u00e8s vente interne.<\/h5><h5>Walt Disney a peut-\u00eatre dit : \u00ab Nous continuons \u00e0 aller de l'avant, \u00e0 ouvrir de nouvelles portes \u00bb, mais ici, chez ChickenGuard, nous nous assurons qu'elles s'ouvrent et se ferment pour vous, afin que vos poules soient saines et sauves. Nous savons \u00e0 quel point vos poules sont importantes pour vous, et c'est important pour nous.<\/h5>\t\t\t\t\t\t\t\t<\/div>\n\t\t\t\t<\/div>\n\t\t\t\t\t<\/div>\n\t\t<\/div>\n\t\t\t\t\t<\/div>\n\t\t<\/section>\n\t\t\t\t<section class=\"elementor-section elementor-top-section elementor-element elementor-element-d7d9ef3 elementor-section-full_width elementor-section-height-default elementor-section-height-default\" data-id=\"d7d9ef3\" data-element_type=\"section\">\n\t\t\t\t\t\t<div class=\"elementor-container elementor-column-gap-no\">\n\t\t\t\t\t<div class=\"elementor-column elementor-col-100 elementor-top-column elementor-element elementor-element-5760e62\" data-id=\"5760e62\" data-element_type=\"column\">\n\t\t\t<div class=\"elementor-widget-wrap elementor-element-populated\">\n\t\t\t\t\t\t<div class=\"elementor-element elementor-element-69ab17a elementor-widget elementor-widget-image\" data-id=\"69ab17a\" data-element_type=\"widget\" data-widget_type=\"image.default\">\n\t\t\t\t<div class=\"elementor-widget-container\">\n\t\t\t\t\t\t\t\t\t\t\t\t\t\t\t<img decoding=\"async\" width=\"2560\" height=\"799\" src=\"https:\/\/chickenguard.eu\/wp-content\/uploads\/2023\/04\/CG-Family-on-yellow-bg-NEW-1.jpg\" class=\"attachment-full size-full wp-image-1935\" alt=\"\" srcset=\"https:\/\/chickenguard.eu\/wp-content\/uploads\/2023\/04\/CG-Family-on-yellow-bg-NEW-1.jpg 2560w, https:\/\/chickenguard.eu\/wp-content\/uploads\/2023\/04\/CG-Family-on-yellow-bg-NEW-1-1000x312.jpg 1000w, https:\/\/chickenguard.eu\/wp-content\/uploads\/2023\/04\/CG-Family-on-yellow-bg-NEW-1-300x94.jpg 300w, https:\/\/chickenguard.eu\/wp-content\/uploads\/2023\/04\/CG-Family-on-yellow-bg-NEW-1-1024x320.jpg 1024w, https:\/\/chickenguard.eu\/wp-content\/uploads\/2023\/04\/CG-Family-on-yellow-bg-NEW-1-768x240.jpg 768w, https:\/\/chickenguard.eu\/wp-content\/uploads\/2023\/04\/CG-Family-on-yellow-bg-NEW-1-1536x479.jpg 1536w, https:\/\/chickenguard.eu\/wp-content\/uploads\/2023\/04\/CG-Family-on-yellow-bg-NEW-1-2048x639.jpg 2048w\" sizes=\"(max-width: 2560px) 100vw, 2560px\" \/>\t\t\t\t\t\t\t\t\t\t\t\t\t\t\t<\/div>\n\t\t\t\t<\/div>\n\t\t\t\t\t<\/div>\n\t\t<\/div>\n\t\t\t\t\t<\/div>\n\t\t<\/section>\n\t\t\t\t<section class=\"elementor-section elementor-top-section elementor-element elementor-element-cbea5f2 elementor-section-boxed elementor-section-height-default elementor-section-height-default\" data-id=\"cbea5f2\" data-element_type=\"section\">\n\t\t\t\t\t\t<div class=\"elementor-container elementor-column-gap-default\">\n\t\t\t\t\t<div class=\"elementor-column elementor-col-100 elementor-top-column elementor-element elementor-element-3cd12d1\" data-id=\"3cd12d1\" data-element_type=\"column\">\n\t\t\t<div class=\"elementor-widget-wrap elementor-element-populated\">\n\t\t\t\t\t\t<div class=\"elementor-element elementor-element-6bce765 elementor-widget elementor-widget-shortcode\" data-id=\"6bce765\" data-element_type=\"widget\" data-widget_type=\"shortcode.default\">\n\t\t\t\t<div class=\"elementor-widget-container\">\n\t\t\t\t\t\t\t<div class=\"elementor-shortcode\">[jgm-ugc-media-grid]<\/div>\n\t\t\t\t\t\t<\/div>\n\t\t\t\t<\/div>\n\t\t\t\t\t<\/div>\n\t\t<\/div>\n\t\t\t\t\t<\/div>\n\t\t<\/section>\n\t\t\t\t<\/div>","protected":false},"excerpt":{"rendered":"<p>About Us Our mission is to give chicken owners peace of mind, by creating high quality, innovative products that protect your flock and allow you to automate your coop door for more time in bed! Ethics and equality Pellentesque quam convallis massa enim, faucibus ornare sollicitudin gravida justo sit suspendisse pellentesque. Eco-design Risus leo molestie [&hellip;]<\/p>","protected":false},"author":1,"featured_media":0,"parent":0,"menu_order":0,"comment_status":"closed","ping_status":"closed","template":"","meta":{"site-sidebar-layout":"no-sidebar","site-content-layout":"page-builder","ast-site-content-layout":"","site-content-style":"default","site-sidebar-style":"default","ast-global-header-display":"","ast-banner-title-visibility":"","ast-main-header-display":"","ast-hfb-above-header-display":"","ast-hfb-below-header-display":"","ast-hfb-mobile-header-display":"","site-post-title":"disabled","ast-breadcrumbs-content":"disabled","ast-featured-img":"disabled","footer-sml-layout":"","theme-transparent-header-meta":"","adv-header-id-meta":"","stick-header-meta":"","header-above-stick-meta":"","header-main-stick-meta":"","header-below-stick-meta":"","astra-migrate-meta-layouts":"default","ast-page-background-enabled":"default","ast-page-background-meta":{"desktop":{"background-color":"var(--ast-global-color-4)","background-image":"","background-repeat":"repeat","background-position":"center center","background-size":"auto","background-attachment":"scroll","background-type":"","background-media":"","overlay-type":"","overlay-color":"","overlay-opacity":"","overlay-gradient":""},"tablet":{"background-color":"","background-image":"","background-repeat":"repeat","background-position":"center center","background-size":"auto","background-attachment":"scroll","background-type":"","background-media":"","overlay-type":"","overlay-color":"","overlay-opacity":"","overlay-gradient":""},"mobile":{"background-color":"","background-image":"","background-repeat":"repeat","background-position":"center center","background-size":"auto","background-attachment":"scroll","background-type":"","background-media":"","overlay-type":"","overlay-color":"","overlay-opacity":"","overlay-gradient":""}},"ast-content-background-meta":{"desktop":{"background-color":"var(--ast-global-color-5)","background-image":"","background-repeat":"repeat","background-position":"center center","background-size":"auto","background-attachment":"scroll","background-type":"","background-media":"","overlay-type":"","overlay-color":"","overlay-opacity":"","overlay-gradient":""},"tablet":{"background-color":"var(--ast-global-color-5)","background-image":"","background-repeat":"repeat","background-position":"center center","background-size":"auto","background-attachment":"scroll","background-type":"","background-media":"","overlay-type":"","overlay-color":"","overlay-opacity":"","overlay-gradient":""},"mobile":{"background-color":"var(--ast-global-color-5)","background-image":"","background-repeat":"repeat","background-position":"center center","background-size":"auto","background-attachment":"scroll","background-type":"","background-media":"","overlay-type":"","overlay-color":"","overlay-opacity":"","overlay-gradient":""}},"footnotes":""},"class_list":["post-524","page","type-page","status-publish","hentry"],"yoast_head":"<!-- This site is optimized with the Yoast SEO plugin v24.5 - https:\/\/yoast.com\/wordpress\/plugins\/seo\/ -->\n<title>ABout - ChickenGuard<\/title>\n<meta name=\"robots\" content=\"index, follow, max-snippet:-1, max-image-preview:large, max-video-preview:-1\" \/>\n<link rel=\"canonical\" href=\"https:\/\/chickenguard.eu\/fr_be\/about-us\/\" \/>\n<meta property=\"og:locale\" content=\"fr_FR\" \/>\n<meta property=\"og:type\" content=\"article\" \/>\n<meta property=\"og:title\" content=\"ABout - ChickenGuard\" \/>\n<meta property=\"og:description\" content=\"About Us Our mission is to give chicken owners peace of mind, by creating high quality, innovative products that protect your flock and allow you to automate your coop door for more time in bed! Ethics and equality Pellentesque quam convallis massa enim, faucibus ornare sollicitudin gravida justo sit suspendisse pellentesque. Eco-design Risus leo molestie [&hellip;]\" \/>\n<meta property=\"og:url\" content=\"https:\/\/chickenguard.eu\/fr_be\/about-us\/\" \/>\n<meta property=\"og:site_name\" content=\"ChickenGuard\" \/>\n<meta property=\"article:modified_time\" content=\"2024-04-18T14:51:19+00:00\" \/>\n<meta property=\"og:image\" content=\"\" \/>\n<meta name=\"twitter:card\" content=\"summary_large_image\" \/>\n<meta name=\"twitter:label1\" content=\"Dur\u00e9e de lecture est.\" \/>\n\t<meta name=\"twitter:data1\" content=\"3 minutes\" \/>\n<script type=\"application\/ld+json\" class=\"yoast-schema-graph\">{\"@context\":\"https:\/\/schema.org\",\"@graph\":[{\"@type\":\"WebPage\",\"@id\":\"https:\/\/chickenguard.eu\/about-us\/\",\"url\":\"https:\/\/chickenguard.eu\/about-us\/\",\"name\":\"ABout - ChickenGuard\",\"isPartOf\":{\"@id\":\"https:\/\/chickenguard.eu\/#website\"},\"primaryImageOfPage\":{\"@id\":\"https:\/\/chickenguard.eu\/about-us\/#primaryimage\"},\"image\":{\"@id\":\"https:\/\/chickenguard.eu\/about-us\/#primaryimage\"},\"thumbnailUrl\":\"httpss:\/\/fast.wistia.com\/embed\/medias\/8ya5jzmcz3\/swatch\",\"datePublished\":\"2021-11-22T01:30:10+00:00\",\"dateModified\":\"2024-04-18T14:51:19+00:00\",\"breadcrumb\":{\"@id\":\"https:\/\/chickenguard.eu\/about-us\/#breadcrumb\"},\"inLanguage\":\"fr-BE\",\"potentialAction\":[{\"@type\":\"ReadAction\",\"target\":[\"https:\/\/chickenguard.eu\/about-us\/\"]}]},{\"@type\":\"ImageObject\",\"inLanguage\":\"fr-BE\",\"@id\":\"https:\/\/chickenguard.eu\/about-us\/#primaryimage\",\"url\":\"httpss:\/\/fast.wistia.com\/embed\/medias\/8ya5jzmcz3\/swatch\",\"contentUrl\":\"httpss:\/\/fast.wistia.com\/embed\/medias\/8ya5jzmcz3\/swatch\"},{\"@type\":\"BreadcrumbList\",\"@id\":\"https:\/\/chickenguard.eu\/about-us\/#breadcrumb\",\"itemListElement\":[{\"@type\":\"ListItem\",\"position\":1,\"name\":\"Home\",\"item\":\"https:\/\/chickenguard.eu\/\"},{\"@type\":\"ListItem\",\"position\":2,\"name\":\"ABout\"}]},{\"@type\":\"WebSite\",\"@id\":\"https:\/\/chickenguard.eu\/#website\",\"url\":\"https:\/\/chickenguard.eu\/\",\"name\":\"ChickenGuard\",\"description\":\"Automatic Chicken Coop Door Opener\",\"publisher\":{\"@id\":\"https:\/\/chickenguard.eu\/#organization\"},\"potentialAction\":[{\"@type\":\"SearchAction\",\"target\":{\"@type\":\"EntryPoint\",\"urlTemplate\":\"https:\/\/chickenguard.eu\/?s={search_term_string}\"},\"query-input\":{\"@type\":\"PropertyValueSpecification\",\"valueRequired\":true,\"valueName\":\"search_term_string\"}}],\"inLanguage\":\"fr-BE\"},{\"@type\":\"Organization\",\"@id\":\"https:\/\/chickenguard.eu\/#organization\",\"name\":\"ChickenGuard\",\"url\":\"https:\/\/chickenguard.eu\/\",\"logo\":{\"@type\":\"ImageObject\",\"inLanguage\":\"fr-BE\",\"@id\":\"https:\/\/chickenguard.eu\/#\/schema\/logo\/image\/\",\"url\":\"https:\/\/chickenguard.eu\/wp-content\/uploads\/2023\/04\/cropped-ChickenGuard-Logo-23_small.png\",\"contentUrl\":\"https:\/\/chickenguard.eu\/wp-content\/uploads\/2023\/04\/cropped-ChickenGuard-Logo-23_small.png\",\"width\":131,\"height\":50,\"caption\":\"ChickenGuard\"},\"image\":{\"@id\":\"https:\/\/chickenguard.eu\/#\/schema\/logo\/image\/\"}}]}<\/script>\n<!-- \/ Yoast SEO plugin. -->","yoast_head_json":{"title":"ABout - ChickenGuard","robots":{"index":"index","follow":"follow","max-snippet":"max-snippet:-1","max-image-preview":"max-image-preview:large","max-video-preview":"max-video-preview:-1"},"canonical":"https:\/\/chickenguard.eu\/fr_be\/about-us\/","og_locale":"fr_FR","og_type":"article","og_title":"ABout - ChickenGuard","og_description":"About Us Our mission is to give chicken owners peace of mind, by creating high quality, innovative products that protect your flock and allow you to automate your coop door for more time in bed! Ethics and equality Pellentesque quam convallis massa enim, faucibus ornare sollicitudin gravida justo sit suspendisse pellentesque. Eco-design Risus leo molestie [&hellip;]","og_url":"https:\/\/chickenguard.eu\/fr_be\/about-us\/","og_site_name":"ChickenGuard","article_modified_time":"2024-04-18T14:51:19+00:00","og_image":[{"url":"httpss:\/\/fast.wistia.com\/embed\/medias\/8ya5jzmcz3\/swatch","type":"","width":"","height":""}],"twitter_card":"summary_large_image","twitter_misc":{"Dur\u00e9e de lecture est.":"3 minutes"},"schema":{"@context":"https:\/\/schema.org","@graph":[{"@type":"WebPage","@id":"https:\/\/chickenguard.eu\/about-us\/","url":"https:\/\/chickenguard.eu\/about-us\/","name":"ABout - ChickenGuard","isPartOf":{"@id":"https:\/\/chickenguard.eu\/#website"},"primaryImageOfPage":{"@id":"https:\/\/chickenguard.eu\/about-us\/#primaryimage"},"image":{"@id":"https:\/\/chickenguard.eu\/about-us\/#primaryimage"},"thumbnailUrl":"httpss:\/\/fast.wistia.com\/embed\/medias\/8ya5jzmcz3\/swatch","datePublished":"2021-11-22T01:30:10+00:00","dateModified":"2024-04-18T14:51:19+00:00","breadcrumb":{"@id":"https:\/\/chickenguard.eu\/about-us\/#breadcrumb"},"inLanguage":"fr-BE","potentialAction":[{"@type":"ReadAction","target":["https:\/\/chickenguard.eu\/about-us\/"]}]},{"@type":"ImageObject","inLanguage":"fr-BE","@id":"https:\/\/chickenguard.eu\/about-us\/#primaryimage","url":"httpss:\/\/fast.wistia.com\/embed\/medias\/8ya5jzmcz3\/swatch","contentUrl":"httpss:\/\/fast.wistia.com\/embed\/medias\/8ya5jzmcz3\/swatch"},{"@type":"BreadcrumbList","@id":"https:\/\/chickenguard.eu\/about-us\/#breadcrumb","itemListElement":[{"@type":"ListItem","position":1,"name":"Home","item":"https:\/\/chickenguard.eu\/"},{"@type":"ListItem","position":2,"name":"ABout"}]},{"@type":"WebSite","@id":"https:\/\/chickenguard.eu\/#website","url":"https:\/\/chickenguard.eu\/","name":"ChickenGuard","description":"Automatic Chicken Coop Door Opener","publisher":{"@id":"https:\/\/chickenguard.eu\/#organization"},"potentialAction":[{"@type":"SearchAction","target":{"@type":"EntryPoint","urlTemplate":"https:\/\/chickenguard.eu\/?s={search_term_string}"},"query-input":{"@type":"PropertyValueSpecification","valueRequired":true,"valueName":"search_term_string"}}],"inLanguage":"fr-BE"},{"@type":"Organization","@id":"https:\/\/chickenguard.eu\/#organization","name":"ChickenGuard","url":"https:\/\/chickenguard.eu\/","logo":{"@type":"ImageObject","inLanguage":"fr-BE","@id":"https:\/\/chickenguard.eu\/#\/schema\/logo\/image\/","url":"https:\/\/chickenguard.eu\/wp-content\/uploads\/2023\/04\/cropped-ChickenGuard-Logo-23_small.png","contentUrl":"https:\/\/chickenguard.eu\/wp-content\/uploads\/2023\/04\/cropped-ChickenGuard-Logo-23_small.png","width":131,"height":50,"caption":"ChickenGuard"},"image":{"@id":"https:\/\/chickenguard.eu\/#\/schema\/logo\/image\/"}}]}},"_links":{"self":[{"href":"https:\/\/chickenguard.eu\/fr_be\/wp-json\/wp\/v2\/pages\/524","targetHints":{"allow":["GET"]}}],"collection":[{"href":"https:\/\/chickenguard.eu\/fr_be\/wp-json\/wp\/v2\/pages"}],"about":[{"href":"https:\/\/chickenguard.eu\/fr_be\/wp-json\/wp\/v2\/types\/page"}],"author":[{"embeddable":true,"href":"https:\/\/chickenguard.eu\/fr_be\/wp-json\/wp\/v2\/users\/1"}],"replies":[{"embeddable":true,"href":"https:\/\/chickenguard.eu\/fr_be\/wp-json\/wp\/v2\/comments?post=524"}],"version-history":[{"count":26,"href":"https:\/\/chickenguard.eu\/fr_be\/wp-json\/wp\/v2\/pages\/524\/revisions"}],"predecessor-version":[{"id":5569,"href":"https:\/\/chickenguard.eu\/fr_be\/wp-json\/wp\/v2\/pages\/524\/revisions\/5569"}],"wp:attachment":[{"href":"https:\/\/chickenguard.eu\/fr_be\/wp-json\/wp\/v2\/media?parent=524"}],"curies":[{"name":"wp","href":"https:\/\/api.w.org\/{rel}","templated":true}]}}